{"id":497,"date":"2022-10-14T07:10:11","date_gmt":"2022-10-14T07:10:11","guid":{"rendered":"https:\/\/www.audiofb.es\/?page_id=497"},"modified":"2022-11-10T14:58:30","modified_gmt":"2022-11-10T14:58:30","slug":"videoprojectors-i-pantalles","status":"publish","type":"page","link":"https:\/\/www.audiofb.es\/ca\/videoprojectors-i-pantalles\/","title":{"rendered":"Videoprojectors i pantalles"},"content":{"rendered":"\n[et_pb_section fb_built=&#8221;1&#8243; admin_label=&#8221;Testimonials&#8221; _builder_version=&#8221;4.17.4&#8243; _module_preset=&#8221;default&#8221; custom_padding=&#8221;18px|||||&#8221; locked=&#8221;off&#8221; collapsed=&#8221;on&#8221; global_colors_info=&#8221;{}&#8221;][et_pb_row _builder_version=&#8221;4.18.0&#8243; _module_preset=&#8221;default&#8221; hover_enabled=&#8221;0&#8243; global_colors_info=&#8221;{}&#8221; sticky_enabled=&#8221;0&#8243;][et_pb_column type=&#8221;4_4&#8243; _builder_version=&#8221;4.17.4&#8243; _module_preset=&#8221;default&#8221; global_colors_info=&#8221;{}&#8221;][et_pb_text _builder_version=&#8221;4.18.0&#8243; _module_preset=&#8221;b327cbe4-b1d5-4b66-ad37-40c8f2f061ba&#8221; header_font=&#8221;Inter|700|||||||&#8221; header_font_size=&#8221;46px&#8221; header_2_font=&#8221;Inter|700|||||||&#8221; header_2_text_color=&#8221;#000000&#8243; header_2_font_size=&#8221;48px&#8221; header_2_line_height=&#8221;1.2em&#8221; text_orientation=&#8221;center&#8221; header_2_font_size_tablet=&#8221;32px&#8221; header_2_font_size_phone=&#8221;20px&#8221; header_2_font_size_last_edited=&#8221;on|desktop&#8221; global_colors_info=&#8221;{}&#8221;]<h1 class=\"wp-block wp-block-post-title block-editor-block-list__block editor-post-title editor-post-title__input rich-text\" aria-label=\"Escribe un t\u00edtulo\" role=\"textbox\" aria-multiline=\"true\" style=\"white-space: pre-wrap; min-width: 1px;\" contenteditable=\"true\">\u00a0Videoprojectors i pantalles<\/h1>[\/et_pb_text][\/et_pb_column][\/et_pb_row][et_pb_row column_structure=&#8221;3_5,2_5&#8243; _builder_version=&#8221;4.18.0&#8243; _module_preset=&#8221;default&#8221; global_colors_info=&#8221;{}&#8221;][et_pb_column type=&#8221;3_5&#8243; _builder_version=&#8221;4.18.0&#8243; _module_preset=&#8221;default&#8221; global_colors_info=&#8221;{}&#8221;][et_pb_text _builder_version=&#8221;4.18.0&#8243; _module_preset=&#8221;default&#8221; text_font=&#8221;Open Sans||||||||&#8221; text_text_color=&#8221;#666666&#8243; text_font_size=&#8221;17px&#8221; text_line_height=&#8221;1.8em&#8221; hover_enabled=&#8221;0&#8243; global_colors_info=&#8221;{}&#8221; sticky_enabled=&#8221;0&#8243;]<p>Els projectors de v\u00eddeo o data show s\u00f3n un aparell \u00f2ptic que rep una senyal de v\u00eddeo i projecta la imatge corresponent en una pantalla de projecci\u00f3. Les pantalles de projecci\u00f3 son una l\u00e0mina blanca o gris, transportable o b\u00e9 fixa, el\u00e8ctrica i motoritzada.<\/p>\n<p>Existeixen diferents tipus de projectors per a diferents aplicacions per\u00f2 els m\u00e9s comuns s\u00f3n els LCD i els DLP.<\/p>\n<p>Els projectors de v\u00eddeo s\u00f3n majorit\u00e0ria- ment utilitzats en sales de presentacions o confer\u00e8ncies, en aules docents, encara que tamb\u00e9 es poden trobar aplicacions de cinema a casa. La senyal de v\u00eddeo d\u2019entrada pot venir de diferents fonts, com un sintonitzador de televisi\u00f3 (terrestre o via sat\u00e8l\u00b7lit), un ordinador personal, etc\u00e8tera.<\/p>\n<p>Caracter\u00edstiques generals:<\/p>\n<ul>\n<li>Soluci\u00f3 de projecci\u00f3 assequible per a pantalles grans: ideal per a empreses grans o institucions educatives, universit\u00e0ries o religioses.<\/li>\n<li>Instal\u00b7laci\u00f3 professional i flexible: les di- verses caracter\u00edstiques de projecci\u00f3 per- meten instal\u00b7lar f\u00e0cilment el projector i reduir les despeses d\u2019instal\u00b7laci\u00f3.<\/li>\n<li>Gr\u00e0cies a la mida redu\u00efda i compacta i al seu pes lleuger, el projector pot utilitzar-se c\u00f2modament en una varietat d\u2019en- torns de confer\u00e8ncies o aules.<\/li>\n<li>Rendiment llumin\u00f3s alt: en condicions ambientals lluminoses.<\/li>\n<li>Despeses de manteniment totals baixes: degut a una llarga durabilitat de les bombetes.<\/li>\n<\/ul>[\/et_pb_text][\/et_pb_column][et_pb_column type=&#8221;2_5&#8243; _builder_version=&#8221;4.18.0&#8243; _module_preset=&#8221;default&#8221; global_colors_info=&#8221;{}&#8221;][et_pb_image src=&#8221;https:\/\/www.audiofb.es\/wp-content\/uploads\/2022\/10\/audiofeedback_black.png&#8221; alt=&#8221;audiofeedback_black&#8221; title_text=&#8221;audiofeedback_black&#8221; _builder_version=&#8221;4.18.0&#8243; _module_preset=&#8221;default&#8221; global_colors_info=&#8221;{}&#8221;][\/et_pb_image][et_pb_image src=&#8221;https:\/\/www.audiofb.es\/wp-content\/uploads\/2022\/10\/videoprojectors-i-pantalles-FeedBack-Audiovisuals-Lleida.jpg&#8221; alt=&#8221;videoprojectors i pantalles FeedBack Audiovisuals Lleida&#8221; title_text=&#8221;videoprojectors i pantalles FeedBack Audiovisuals Lleida&#8221; _builder_version=&#8221;4.18.0&#8243; _module_preset=&#8221;default&#8221; global_colors_info=&#8221;{}&#8221;][\/et_pb_image][\/et_pb_column][\/et_pb_row][et_pb_row column_structure=&#8221;1_2,1_2&#8243; _builder_version=&#8221;4.18.0&#8243; _module_preset=&#8221;default&#8221; global_colors_info=&#8221;{}&#8221;][et_pb_column type=&#8221;1_2&#8243; _builder_version=&#8221;4.18.0&#8243; _module_preset=&#8221;default&#8221; global_colors_info=&#8221;{}&#8221;][et_pb_image src=&#8221;https:\/\/www.audiofb.es\/wp-content\/uploads\/2022\/10\/muntatge-videoprojectors-i-pantalles-FeedBack-Audiovisuals-Lleida.jpg&#8221; alt=&#8221;muntatge videoprojectors i pantalles FeedBack Audiovisuals Lleida&#8221; title_text=&#8221;muntatge videoprojectors i pantalles FeedBack Audiovisuals Lleida&#8221; align=&#8221;center&#8221; _builder_version=&#8221;4.18.0&#8243; _module_preset=&#8221;default&#8221; global_colors_info=&#8221;{}&#8221;][\/et_pb_image][\/et_pb_column][et_pb_column type=&#8221;1_2&#8243; _builder_version=&#8221;4.18.0&#8243; _module_preset=&#8221;default&#8221; global_colors_info=&#8221;{}&#8221;][\/et_pb_column][\/et_pb_row][\/et_pb_section][et_pb_section fb_built=&#8221;1&#8243; admin_label=&#8221;About&#8221; _builder_version=&#8221;4.18.0&#8243; _module_preset=&#8221;default&#8221; background_color=&#8221;#000000&#8243; custom_padding=&#8221;37px|||||&#8221; collapsed=&#8221;on&#8221; global_colors_info=&#8221;{}&#8221;][et_pb_row column_structure=&#8221;1_3,2_3&#8243; make_equal=&#8221;on&#8221; _builder_version=&#8221;4.18.0&#8243; _module_preset=&#8221;default&#8221; global_colors_info=&#8221;{}&#8221;][et_pb_column type=&#8221;1_3&#8243; _builder_version=&#8221;4.18.0&#8243; _module_preset=&#8221;default&#8221; custom_padding=&#8221;40px||||false|false&#8221; custom_padding_tablet=&#8221;0%||||false|false&#8221; custom_padding_phone=&#8221;0%||||false|false&#8221; custom_padding_last_edited=&#8221;on|tablet&#8221; global_colors_info=&#8221;{}&#8221;][et_pb_text _builder_version=&#8221;4.18.0&#8243; _module_preset=&#8221;default&#8221; text_font=&#8221;Open Sans||||||||&#8221; text_text_color=&#8221;#FFFFFF&#8221; text_font_size=&#8221;16px&#8221; text_line_height=&#8221;1.8em&#8221; custom_margin=&#8221;||17px|||&#8221; global_colors_info=&#8221;{}&#8221;]<p>Deixa les teves dades al nostre <span style=\"text-decoration: underline;\">formulari<\/span><br \/>O envia\u2019ns un correu electr\u00f2nic a <a href=\"mailto:comercial@audiofb.es\">comercial@audiofb.es<\/a><\/p>[\/et_pb_text][et_pb_code _builder_version=&#8221;4.18.0&#8243; _module_preset=&#8221;default&#8221; custom_padding=&#8221;13px|||||&#8221; global_colors_info=&#8221;{}&#8221;]\n<div class=\"wpcf7 no-js\" id=\"wpcf7-f204-o1\" lang=\"es-ES\" dir=\"ltr\" data-wpcf7-id=\"204\">\n<div class=\"screen-reader-response\"><p role=\"status\" aria-live=\"polite\" aria-atomic=\"true\"><\/p> <ul><\/ul><\/div>\n<form action=\"\/ca\/wp-json\/wp\/v2\/pages\/497#wpcf7-f204-o1\" method=\"post\" class=\"wpcf7-form init\" aria-label=\"Formulario de contacto\" novalidate=\"novalidate\" data-status=\"init\">\n<fieldset class=\"hidden-fields-container\"><input type=\"hidden\" name=\"_wpcf7\" value=\"204\" \/><input type=\"hidden\" name=\"_wpcf7_version\" value=\"6.1.3\" \/><input type=\"hidden\" name=\"_wpcf7_locale\" value=\"es_ES\" \/><input type=\"hidden\" name=\"_wpcf7_unit_tag\" value=\"wpcf7-f204-o1\" \/><input type=\"hidden\" name=\"_wpcf7_container_post\" value=\"0\" \/><input type=\"hidden\" name=\"_wpcf7_posted_data_hash\" value=\"\" \/><input type=\"hidden\" name=\"_wpcf7_recaptcha_response\" value=\"\" \/>\n<\/fieldset>\n<p><label> Nom<br \/>\n<span class=\"wpcf7-form-control-wrap\" data-name=\"your-name\"><input size=\"40\" maxlength=\"400\" class=\"wpcf7-form-control wpcf7-text wpcf7-validates-as-required\" aria-required=\"true\" aria-invalid=\"false\" value=\"\" type=\"text\" name=\"your-name\" \/><\/span> <\/label>\n<\/p>\n<p><label> Correu<br \/>\n<span class=\"wpcf7-form-control-wrap\" data-name=\"your-email\"><input size=\"40\" maxlength=\"400\" class=\"wpcf7-form-control wpcf7-email wpcf7-validates-as-required wpcf7-text wpcf7-validates-as-email\" aria-required=\"true\" aria-invalid=\"false\" value=\"\" type=\"email\" name=\"your-email\" \/><\/span> <\/label>\n<\/p>\n<p><label> Missatge<br \/>\n<span class=\"wpcf7-form-control-wrap\" data-name=\"your-message\"><textarea cols=\"40\" rows=\"10\" maxlength=\"2000\" class=\"wpcf7-form-control wpcf7-textarea wpcf7-validates-as-required\" aria-required=\"true\" aria-invalid=\"false\" name=\"your-message\"><\/textarea><\/span> <\/label>\n<\/p>\n<span class=\"wpcf7-form-control-wrap recaptcha\" data-name=\"recaptcha\"><span data-sitekey=\"6LfAKv0hAAAAAEZtlmhFgXi2qkYwyY9iO-gfSZW-\" class=\"wpcf7-form-control wpcf7-recaptcha g-recaptcha\"><\/span>\r\n<noscript>\r\n\t<div class=\"grecaptcha-noscript\">\r\n\t\t<iframe loading=\"lazy\" src=\"https:\/\/www.google.com\/recaptcha\/api\/fallback?k=6LfAKv0hAAAAAEZtlmhFgXi2qkYwyY9iO-gfSZW-\" frameborder=\"0\" scrolling=\"no\" width=\"310\" height=\"430\">\r\n\t\t<\/iframe>\r\n\t\t<textarea name=\"g-recaptcha-response\" rows=\"3\" cols=\"40\" placeholder=\"Aqu\u00ed la respuesta de reCAPTCHA\">\r\n\t\t<\/textarea>\r\n\t<\/div>\r\n<\/noscript>\r\n<\/span>\n<p><input class=\"wpcf7-form-control wpcf7-submit has-spinner\" type=\"submit\" value=\"enviar\" \/>\n<\/p><div class=\"wpcf7-response-output\" aria-hidden=\"true\"><\/div>\n<\/form>\n<\/div>\n[\/et_pb_code][\/et_pb_column][et_pb_column type=&#8221;2_3&#8243; _builder_version=&#8221;4.17.4&#8243; _module_preset=&#8221;default&#8221; transform_scale_last_edited=&#8221;off|phone&#8221; transform_translate_last_edited=&#8221;off|phone&#8221; transform_rotate_last_edited=&#8221;off|phone&#8221; transform_skew_last_edited=&#8221;off|phone&#8221; transform_origin_last_edited=&#8221;off|phone&#8221; transform_styles_last_edited=&#8221;off|phone&#8221; custom_padding=&#8221;||||false|false&#8221; global_colors_info=&#8221;{}&#8221;][et_pb_image src=&#8221;https:\/\/www.audiofb.es\/wp-content\/uploads\/2022\/10\/mask_black.png&#8221; alt=&#8221;feedback audiovisuals instalacio musical&#8221; title_text=&#8221;mask_black&#8221; _builder_version=&#8221;4.18.0&#8243; _module_preset=&#8221;default&#8221; background_image=&#8221;https:\/\/www.audiofb.es\/wp-content\/uploads\/2022\/09\/feedback-audiovisuals-instalacio-musical.jpg&#8221; positioning=&#8221;absolute&#8221; z_index=&#8221;2&#8243; position_origin_a_tablet=&#8221;center_left&#8221; position_origin_a_phone=&#8221;center_left&#8221; position_origin_a_last_edited=&#8221;off|desktop&#8221; position_origin_f_last_edited=&#8221;off|desktop&#8221; position_origin_r_last_edited=&#8221;off|desktop&#8221; width=&#8221;50%&#8221; custom_margin=&#8221;24%||||false|false&#8221; custom_margin_tablet=&#8221;||||false|false&#8221; custom_margin_phone=&#8221;||||false|false&#8221; custom_margin_last_edited=&#8221;off|desktop&#8221; positioning_tablet=&#8221;absolute&#8221; positioning_phone=&#8221;relative&#8221; positioning_last_edited=&#8221;off|desktop&#8221; locked=&#8221;off&#8221; global_colors_info=&#8221;{}&#8221;][\/et_pb_image][et_pb_image src=&#8221;https:\/\/www.audiofb.es\/wp-content\/uploads\/2022\/10\/mask_black.png&#8221; alt=&#8221;feedback audiovisuals instalacio equip musical pavello deportiu&#8221; title_text=&#8221;mask_black&#8221; align=&#8221;right&#8221; align_tablet=&#8221;right&#8221; align_phone=&#8221;center&#8221; align_last_edited=&#8221;off|tablet&#8221; _builder_version=&#8221;4.18.0&#8243; _module_preset=&#8221;default&#8221; background_image=&#8221;https:\/\/www.audiofb.es\/wp-content\/uploads\/2022\/09\/feedback-audiovisuals-instalacio-equip-musical-pavello-deportiu.jpg&#8221; z_index=&#8221;1&#8243; width=&#8221;50%&#8221; custom_margin=&#8221;||6%||false|false&#8221; custom_padding=&#8221;||||false|false&#8221; locked=&#8221;off&#8221; global_colors_info=&#8221;{}&#8221;][\/et_pb_image][et_pb_image src=&#8221;https:\/\/www.audiofb.es\/wp-content\/uploads\/2022\/10\/mask_black.png&#8221; alt=&#8221;feedback audiovisuals mesa de mezclas&#8221; title_text=&#8221;mask_black&#8221; align=&#8221;right&#8221; _builder_version=&#8221;4.18.0&#8243; _module_preset=&#8221;default&#8221; background_image=&#8221;https:\/\/www.audiofb.es\/wp-content\/uploads\/2022\/09\/feedback-audiovisuals-mesa-de-mezclas.jpg&#8221; width=&#8221;50%&#8221; custom_margin=&#8221;|8%|||false|false&#8221; custom_margin_tablet=&#8221;|8%|||false|false&#8221; custom_margin_phone=&#8221;|0%|||false|false&#8221; custom_margin_last_edited=&#8221;on|phone&#8221; locked=&#8221;off&#8221; global_colors_info=&#8221;{}&#8221;][\/et_pb_image][\/et_pb_column][\/et_pb_row][\/et_pb_section]\n","protected":false},"excerpt":{"rendered":"<p>\u00a0Videoprojectors i pantallesEls projectors de v\u00eddeo o data show s\u00f3n un aparell \u00f2ptic que rep una senyal de v\u00eddeo i projecta la imatge corresponent en una pantalla de projecci\u00f3. Les pantalles de projecci\u00f3 son una l\u00e0mina blanca o gris, transportable o b\u00e9 fixa, el\u00e8ctrica i motoritzada. Existeixen diferents tipus de projectors per a diferents aplicacions [&hellip;]<\/p>\n","protected":false},"author":1,"featured_media":0,"parent":0,"menu_order":0,"comment_status":"closed","ping_status":"closed","template":"","meta":{"_et_pb_use_builder":"on","_et_pb_old_content":"","_et_gb_content_width":"","footnotes":""},"class_list":["post-497","page","type-page","status-publish","hentry"],"_links":{"self":[{"href":"https:\/\/www.audiofb.es\/ca\/wp-json\/wp\/v2\/pages\/497","targetHints":{"allow":["GET"]}}],"collection":[{"href":"https:\/\/www.audiofb.es\/ca\/wp-json\/wp\/v2\/pages"}],"about":[{"href":"https:\/\/www.audiofb.es\/ca\/wp-json\/wp\/v2\/types\/page"}],"author":[{"embeddable":true,"href":"https:\/\/www.audiofb.es\/ca\/wp-json\/wp\/v2\/users\/1"}],"replies":[{"embeddable":true,"href":"https:\/\/www.audiofb.es\/ca\/wp-json\/wp\/v2\/comments?post=497"}],"version-history":[{"count":7,"href":"https:\/\/www.audiofb.es\/ca\/wp-json\/wp\/v2\/pages\/497\/revisions"}],"predecessor-version":[{"id":676,"href":"https:\/\/www.audiofb.es\/ca\/wp-json\/wp\/v2\/pages\/497\/revisions\/676"}],"wp:attachment":[{"href":"https:\/\/www.audiofb.es\/ca\/wp-json\/wp\/v2\/media?parent=497"}],"curies":[{"name":"wp","href":"https:\/\/api.w.org\/{rel}","templated":true}]}}