{"id":511,"date":"2022-10-14T07:59:31","date_gmt":"2022-10-14T07:59:31","guid":{"rendered":"https:\/\/www.audiofb.es\/?page_id=511"},"modified":"2022-11-10T14:44:23","modified_gmt":"2022-11-10T14:44:23","slug":"megafonia-a-distancia","status":"publish","type":"page","link":"https:\/\/www.audiofb.es\/ca\/megafonia-a-distancia\/","title":{"rendered":"Megafonia a distancia"},"content":{"rendered":"\n[et_pb_section fb_built=&#8221;1&#8243; admin_label=&#8221;Testimonials&#8221; _builder_version=&#8221;4.17.4&#8243; _module_preset=&#8221;default&#8221; custom_padding=&#8221;18px|||||&#8221; locked=&#8221;off&#8221; collapsed=&#8221;on&#8221; global_colors_info=&#8221;{}&#8221;][et_pb_row _builder_version=&#8221;4.18.0&#8243; _module_preset=&#8221;default&#8221; hover_enabled=&#8221;0&#8243; global_colors_info=&#8221;{}&#8221; sticky_enabled=&#8221;0&#8243;][et_pb_column type=&#8221;4_4&#8243; _builder_version=&#8221;4.17.4&#8243; _module_preset=&#8221;default&#8221; global_colors_info=&#8221;{}&#8221;][et_pb_text _builder_version=&#8221;4.18.0&#8243; _module_preset=&#8221;b327cbe4-b1d5-4b66-ad37-40c8f2f061ba&#8221; header_font=&#8221;Inter|700|||||||&#8221; header_font_size=&#8221;46px&#8221; header_2_font=&#8221;Inter|700|||||||&#8221; header_2_text_color=&#8221;#000000&#8243; header_2_font_size=&#8221;48px&#8221; header_2_line_height=&#8221;1.2em&#8221; text_orientation=&#8221;center&#8221; header_2_font_size_tablet=&#8221;32px&#8221; header_2_font_size_phone=&#8221;20px&#8221; header_2_font_size_last_edited=&#8221;on|desktop&#8221; global_colors_info=&#8221;{}&#8221;]<h1 class=\"wp-block wp-block-post-title block-editor-block-list__block editor-post-title editor-post-title__input rich-text\" aria-label=\"Escribe un t\u00edtulo\" role=\"textbox\" aria-multiline=\"true\" style=\"white-space: pre-wrap; min-width: 1px;\" contenteditable=\"true\">Megafonia a dist\u00e0ncia<\/h1>[\/et_pb_text][\/et_pb_column][\/et_pb_row][et_pb_row column_structure=&#8221;3_5,2_5&#8243; _builder_version=&#8221;4.18.0&#8243; _module_preset=&#8221;default&#8221; global_colors_info=&#8221;{}&#8221;][et_pb_column type=&#8221;3_5&#8243; _builder_version=&#8221;4.18.0&#8243; _module_preset=&#8221;default&#8221; global_colors_info=&#8221;{}&#8221;][et_pb_text _builder_version=&#8221;4.18.0&#8243; _module_preset=&#8221;default&#8221; text_font=&#8221;Open Sans||||||||&#8221; text_text_color=&#8221;#666666&#8243; text_font_size=&#8221;17px&#8221; text_line_height=&#8221;1.8em&#8221; hover_enabled=&#8221;0&#8243; global_colors_info=&#8221;{}&#8221; sticky_enabled=&#8221;0&#8243;]<p>Equip pensat i dissenyat per a que tant de forma manual com a trav\u00e9s d&#8217;un tel\u00e8fon m\u00f2bil o un fixe puguem dur a terme tasques com:<\/p>\n<ul>\n<li>Connectar o desconnectar la megafonia.<\/li>\n<li>Donar missatges, fer pregons, avisos o anuncis en directe des del nostre dispositiu m\u00f2bil.<\/li>\n<li>Iniciar o aturar la reproducci\u00f3 dels dos USB de que disposa.<\/li>\n<li>Activar o desactivar altres aparells que estiguin connectats a l\u2019equip.<\/li>\n<\/ul>\n<p><strong>Caracter\u00edstiques\u00a0<\/strong><\/p>\n<ul>\n<li>Tensi\u00f3 = 220V A.C.<\/li>\n<li>Commutaci\u00f3 de dos sortides d\u2019alimentaci\u00f3 de 220V.<\/li>\n<li>Dos reproductors amb entrades USB.<\/li>\n<li>Reproductor MicroSD.<\/li>\n<li>Bluetooth.<\/li>\n<li>Dos entrades auxiliars mini jack.<\/li>\n<li>Una entrada est\u00e8reo RCA per a bypass.<\/li>\n<li>Una sortida est\u00e8reo RCA.<\/li>\n<li>Control de volum, greus i aguts per la senyal de telefonia.<\/li>\n<li>Indicador led de xarxa de telefonia trobada.<\/li>\n<li>Indicador led de comunicaci\u00f3 establerta.<\/li>\n<li>Entrada posterior per a targeta SIM.<\/li>\n<\/ul>\n<p><strong>Dimensions<\/strong><\/p>\n<ul>\n<li>Ample = 481 mm. Amb les aletes de muntatge en rack de 19&#8243;<\/li>\n<li>Alt = 43 mm.<\/li>\n<li>Profunditat = 205 mm.<\/li>\n<\/ul>[\/et_pb_text][\/et_pb_column][et_pb_column type=&#8221;2_5&#8243; _builder_version=&#8221;4.18.0&#8243; _module_preset=&#8221;default&#8221; global_colors_info=&#8221;{}&#8221;][et_pb_image src=&#8221;https:\/\/www.audiofb.es\/wp-content\/uploads\/2022\/10\/audiofeedback_black.png&#8221; alt=&#8221;audiofeedback_black&#8221; title_text=&#8221;audiofeedback_black&#8221; _builder_version=&#8221;4.18.0&#8243; _module_preset=&#8221;default&#8221; global_colors_info=&#8221;{}&#8221;][\/et_pb_image][et_pb_image src=&#8221;https:\/\/www.audiofb.es\/wp-content\/uploads\/2022\/10\/equips-de-megafonia-a-distancia-Feedback-Audiovisuals-Lleida.jpg&#8221; alt=&#8221;equips de megafonia a dist\u00e0ncia Feedback Audiovisuals Lleida&#8221; title_text=&#8221;equips de megafonia a dist\u00e0ncia Feedback Audiovisuals Lleida&#8221; _builder_version=&#8221;4.18.0&#8243; _module_preset=&#8221;default&#8221; global_colors_info=&#8221;{}&#8221;][\/et_pb_image][\/et_pb_column][\/et_pb_row][et_pb_row column_structure=&#8221;1_2,1_2&#8243; _builder_version=&#8221;4.18.0&#8243; _module_preset=&#8221;default&#8221; global_colors_info=&#8221;{}&#8221;][et_pb_column type=&#8221;1_2&#8243; _builder_version=&#8221;4.18.0&#8243; _module_preset=&#8221;default&#8221; global_colors_info=&#8221;{}&#8221;][et_pb_image src=&#8221;https:\/\/www.audiofb.es\/wp-content\/uploads\/2022\/10\/muntatge-equips-de-megafonia-a-distancia-Feedback-Audiovisuals-Lleida.jpg&#8221; alt=&#8221;muntatge equips de megafonia a dist\u00e0ncia Feedback Audiovisuals Lleida&#8221; title_text=&#8221;muntatge equips de megafonia a dist\u00e0ncia Feedback Audiovisuals Lleida&#8221; align=&#8221;center&#8221; _builder_version=&#8221;4.18.0&#8243; _module_preset=&#8221;default&#8221; global_colors_info=&#8221;{}&#8221;][\/et_pb_image][\/et_pb_column][et_pb_column type=&#8221;1_2&#8243; _builder_version=&#8221;4.18.0&#8243; _module_preset=&#8221;default&#8221; global_colors_info=&#8221;{}&#8221;][\/et_pb_column][\/et_pb_row][\/et_pb_section][et_pb_section fb_built=&#8221;1&#8243; admin_label=&#8221;About&#8221; _builder_version=&#8221;4.18.0&#8243; _module_preset=&#8221;default&#8221; background_color=&#8221;#000000&#8243; custom_padding=&#8221;37px|||||&#8221; collapsed=&#8221;on&#8221; global_colors_info=&#8221;{}&#8221;][et_pb_row column_structure=&#8221;1_3,2_3&#8243; make_equal=&#8221;on&#8221; _builder_version=&#8221;4.18.0&#8243; _module_preset=&#8221;default&#8221; global_colors_info=&#8221;{}&#8221;][et_pb_column type=&#8221;1_3&#8243; _builder_version=&#8221;4.18.0&#8243; _module_preset=&#8221;default&#8221; custom_padding=&#8221;40px||||false|false&#8221; custom_padding_tablet=&#8221;0%||||false|false&#8221; custom_padding_phone=&#8221;0%||||false|false&#8221; custom_padding_last_edited=&#8221;on|tablet&#8221; global_colors_info=&#8221;{}&#8221;][et_pb_text _builder_version=&#8221;4.18.0&#8243; _module_preset=&#8221;default&#8221; text_font=&#8221;Open Sans||||||||&#8221; text_text_color=&#8221;#FFFFFF&#8221; text_font_size=&#8221;16px&#8221; text_line_height=&#8221;1.8em&#8221; custom_margin=&#8221;||17px|||&#8221; global_colors_info=&#8221;{}&#8221;]<p>Deixa les teves dades al nostre <span style=\"text-decoration: underline;\">formulari<\/span><br \/>O envia\u2019ns un correu electr\u00f2nic a <a href=\"mailto:comercial@audiofb.es\">comercial@audiofb.es<\/a><\/p>[\/et_pb_text][et_pb_code _builder_version=&#8221;4.18.0&#8243; _module_preset=&#8221;default&#8221; custom_padding=&#8221;13px|||||&#8221; global_colors_info=&#8221;{}&#8221;]\n<div class=\"wpcf7 no-js\" id=\"wpcf7-f204-o1\" lang=\"es-ES\" dir=\"ltr\" data-wpcf7-id=\"204\">\n<div class=\"screen-reader-response\"><p role=\"status\" aria-live=\"polite\" aria-atomic=\"true\"><\/p> <ul><\/ul><\/div>\n<form action=\"\/ca\/wp-json\/wp\/v2\/pages\/511#wpcf7-f204-o1\" method=\"post\" class=\"wpcf7-form init\" aria-label=\"Formulario de contacto\" novalidate=\"novalidate\" data-status=\"init\">\n<fieldset class=\"hidden-fields-container\"><input type=\"hidden\" name=\"_wpcf7\" value=\"204\" \/><input type=\"hidden\" name=\"_wpcf7_version\" value=\"6.1.3\" \/><input type=\"hidden\" name=\"_wpcf7_locale\" value=\"es_ES\" \/><input type=\"hidden\" name=\"_wpcf7_unit_tag\" value=\"wpcf7-f204-o1\" \/><input type=\"hidden\" name=\"_wpcf7_container_post\" value=\"0\" \/><input type=\"hidden\" name=\"_wpcf7_posted_data_hash\" value=\"\" \/><input type=\"hidden\" name=\"_wpcf7_recaptcha_response\" value=\"\" \/>\n<\/fieldset>\n<p><label> Nom<br \/>\n<span class=\"wpcf7-form-control-wrap\" data-name=\"your-name\"><input size=\"40\" maxlength=\"400\" class=\"wpcf7-form-control wpcf7-text wpcf7-validates-as-required\" aria-required=\"true\" aria-invalid=\"false\" value=\"\" type=\"text\" name=\"your-name\" \/><\/span> <\/label>\n<\/p>\n<p><label> Correu<br \/>\n<span class=\"wpcf7-form-control-wrap\" data-name=\"your-email\"><input size=\"40\" maxlength=\"400\" class=\"wpcf7-form-control wpcf7-email wpcf7-validates-as-required wpcf7-text wpcf7-validates-as-email\" aria-required=\"true\" aria-invalid=\"false\" value=\"\" type=\"email\" name=\"your-email\" \/><\/span> <\/label>\n<\/p>\n<p><label> Missatge<br \/>\n<span class=\"wpcf7-form-control-wrap\" data-name=\"your-message\"><textarea cols=\"40\" rows=\"10\" maxlength=\"2000\" class=\"wpcf7-form-control wpcf7-textarea wpcf7-validates-as-required\" aria-required=\"true\" aria-invalid=\"false\" name=\"your-message\"><\/textarea><\/span> <\/label>\n<\/p>\n<span class=\"wpcf7-form-control-wrap recaptcha\" data-name=\"recaptcha\"><span data-sitekey=\"6LfAKv0hAAAAAEZtlmhFgXi2qkYwyY9iO-gfSZW-\" class=\"wpcf7-form-control wpcf7-recaptcha g-recaptcha\"><\/span>\r\n<noscript>\r\n\t<div class=\"grecaptcha-noscript\">\r\n\t\t<iframe loading=\"lazy\" src=\"https:\/\/www.google.com\/recaptcha\/api\/fallback?k=6LfAKv0hAAAAAEZtlmhFgXi2qkYwyY9iO-gfSZW-\" frameborder=\"0\" scrolling=\"no\" width=\"310\" height=\"430\">\r\n\t\t<\/iframe>\r\n\t\t<textarea name=\"g-recaptcha-response\" rows=\"3\" cols=\"40\" placeholder=\"Aqu\u00ed la respuesta de reCAPTCHA\">\r\n\t\t<\/textarea>\r\n\t<\/div>\r\n<\/noscript>\r\n<\/span>\n<p><input class=\"wpcf7-form-control wpcf7-submit has-spinner\" type=\"submit\" value=\"enviar\" \/>\n<\/p><div class=\"wpcf7-response-output\" aria-hidden=\"true\"><\/div>\n<\/form>\n<\/div>\n[\/et_pb_code][\/et_pb_column][et_pb_column type=&#8221;2_3&#8243; _builder_version=&#8221;4.17.4&#8243; _module_preset=&#8221;default&#8221; transform_scale_last_edited=&#8221;off|phone&#8221; transform_translate_last_edited=&#8221;off|phone&#8221; transform_rotate_last_edited=&#8221;off|phone&#8221; transform_skew_last_edited=&#8221;off|phone&#8221; transform_origin_last_edited=&#8221;off|phone&#8221; transform_styles_last_edited=&#8221;off|phone&#8221; custom_padding=&#8221;||||false|false&#8221; global_colors_info=&#8221;{}&#8221;][et_pb_image src=&#8221;https:\/\/www.audiofb.es\/wp-content\/uploads\/2022\/10\/mask_black.png&#8221; alt=&#8221;feedback audiovisuals instalacio musical&#8221; title_text=&#8221;mask_black&#8221; _builder_version=&#8221;4.18.0&#8243; _module_preset=&#8221;default&#8221; background_image=&#8221;https:\/\/www.audiofb.es\/wp-content\/uploads\/2022\/09\/feedback-audiovisuals-instalacio-musical.jpg&#8221; positioning=&#8221;absolute&#8221; z_index=&#8221;2&#8243; position_origin_a_tablet=&#8221;center_left&#8221; position_origin_a_phone=&#8221;center_left&#8221; position_origin_a_last_edited=&#8221;off|desktop&#8221; position_origin_f_last_edited=&#8221;off|desktop&#8221; position_origin_r_last_edited=&#8221;off|desktop&#8221; width=&#8221;50%&#8221; custom_margin=&#8221;24%||||false|false&#8221; custom_margin_tablet=&#8221;||||false|false&#8221; custom_margin_phone=&#8221;||||false|false&#8221; custom_margin_last_edited=&#8221;off|desktop&#8221; positioning_tablet=&#8221;absolute&#8221; positioning_phone=&#8221;relative&#8221; positioning_last_edited=&#8221;off|desktop&#8221; locked=&#8221;off&#8221; global_colors_info=&#8221;{}&#8221;][\/et_pb_image][et_pb_image src=&#8221;https:\/\/www.audiofb.es\/wp-content\/uploads\/2022\/10\/mask_black.png&#8221; alt=&#8221;feedback audiovisuals instalacio equip musical pavello deportiu&#8221; title_text=&#8221;mask_black&#8221; align=&#8221;right&#8221; align_tablet=&#8221;right&#8221; align_phone=&#8221;center&#8221; align_last_edited=&#8221;off|tablet&#8221; _builder_version=&#8221;4.18.0&#8243; _module_preset=&#8221;default&#8221; background_image=&#8221;https:\/\/www.audiofb.es\/wp-content\/uploads\/2022\/09\/feedback-audiovisuals-instalacio-equip-musical-pavello-deportiu.jpg&#8221; z_index=&#8221;1&#8243; width=&#8221;50%&#8221; custom_margin=&#8221;||6%||false|false&#8221; custom_padding=&#8221;||||false|false&#8221; locked=&#8221;off&#8221; global_colors_info=&#8221;{}&#8221;][\/et_pb_image][et_pb_image src=&#8221;https:\/\/www.audiofb.es\/wp-content\/uploads\/2022\/10\/mask_black.png&#8221; alt=&#8221;feedback audiovisuals mesa de mezclas&#8221; title_text=&#8221;mask_black&#8221; align=&#8221;right&#8221; _builder_version=&#8221;4.18.0&#8243; _module_preset=&#8221;default&#8221; background_image=&#8221;https:\/\/www.audiofb.es\/wp-content\/uploads\/2022\/09\/feedback-audiovisuals-mesa-de-mezclas.jpg&#8221; width=&#8221;50%&#8221; custom_margin=&#8221;|8%|||false|false&#8221; custom_margin_tablet=&#8221;|8%|||false|false&#8221; custom_margin_phone=&#8221;|0%|||false|false&#8221; custom_margin_last_edited=&#8221;on|phone&#8221; locked=&#8221;off&#8221; global_colors_info=&#8221;{}&#8221;][\/et_pb_image][\/et_pb_column][\/et_pb_row][\/et_pb_section]\n","protected":false},"excerpt":{"rendered":"<p>Megafonia a dist\u00e0nciaEquip pensat i dissenyat per a que tant de forma manual com a trav\u00e9s d&#8217;un tel\u00e8fon m\u00f2bil o un fixe puguem dur a terme tasques com: Connectar o desconnectar la megafonia. Donar missatges, fer pregons, avisos o anuncis en directe des del nostre dispositiu m\u00f2bil. Iniciar o aturar la reproducci\u00f3 dels dos USB [&hellip;]<\/p>\n","protected":false},"author":1,"featured_media":0,"parent":0,"menu_order":0,"comment_status":"closed","ping_status":"closed","template":"","meta":{"_et_pb_use_builder":"on","_et_pb_old_content":"","_et_gb_content_width":"","footnotes":""},"class_list":["post-511","page","type-page","status-publish","hentry"],"_links":{"self":[{"href":"https:\/\/www.audiofb.es\/ca\/wp-json\/wp\/v2\/pages\/511","targetHints":{"allow":["GET"]}}],"collection":[{"href":"https:\/\/www.audiofb.es\/ca\/wp-json\/wp\/v2\/pages"}],"about":[{"href":"https:\/\/www.audiofb.es\/ca\/wp-json\/wp\/v2\/types\/page"}],"author":[{"embeddable":true,"href":"https:\/\/www.audiofb.es\/ca\/wp-json\/wp\/v2\/users\/1"}],"replies":[{"embeddable":true,"href":"https:\/\/www.audiofb.es\/ca\/wp-json\/wp\/v2\/comments?post=511"}],"version-history":[{"count":9,"href":"https:\/\/www.audiofb.es\/ca\/wp-json\/wp\/v2\/pages\/511\/revisions"}],"predecessor-version":[{"id":666,"href":"https:\/\/www.audiofb.es\/ca\/wp-json\/wp\/v2\/pages\/511\/revisions\/666"}],"wp:attachment":[{"href":"https:\/\/www.audiofb.es\/ca\/wp-json\/wp\/v2\/media?parent=511"}],"curies":[{"name":"wp","href":"https:\/\/api.w.org\/{rel}","templated":true}]}}